{"id":79479,"date":"2023-04-10T05:24:35","date_gmt":"2023-04-10T05:24:35","guid":{"rendered":"http:\/\/192.168.0.130:10023\/?page_id=79479"},"modified":"2024-12-17T18:28:52","modified_gmt":"2024-12-17T18:28:52","slug":"referans","status":"publish","type":"page","link":"https:\/\/www.turkuazhaziryemek.com\/index.php\/referans\/","title":{"rendered":"Referanslar"},"content":{"rendered":"\t\t<div data-elementor-type=\"wp-page\" data-elementor-id=\"79479\" class=\"elementor elementor-79479\">\n\t\t\t\t\t\t<section class=\"default no-position elementor-section elementor-top-section elementor-element elementor-element-4678a110 elementor-section-boxed elementor-section-height-default elementor-section-height-default\" data-id=\"4678a110\" data-element_type=\"section\">\n\t\t\t\t\t\t<div class=\"elementor-container elementor-column-gap-default\">\n\t\t\t\t\t<div class=\"elementor-column elementor-col-100 elementor-top-column elementor-element elementor-element-3c8a673c\" data-id=\"3c8a673c\" data-element_type=\"column\">\n\t\t\t<div class=\"elementor-widget-wrap elementor-element-populated\">\n\t\t\t\t\t\t<div class=\"elementor-element elementor-element-59b59ee7 elementor-widget-divider--view-line elementor-widget elementor-widget-divider\" data-id=\"59b59ee7\" data-element_type=\"widget\" data-widget_type=\"divider.default\">\n\t\t\t\t<div class=\"elementor-widget-container\">\n\t\t\t\t\t\t\t<div class=\"elementor-divider\">\n\t\t\t<span class=\"elementor-divider-separator\">\n\t\t\t\t\t\t<\/span>\n\t\t<\/div>\n\t\t\t\t\t\t<\/div>\n\t\t\t\t<\/div>\n\t\t\t\t<div class=\"elementor-element elementor-element-6279545 elementor-widget elementor-widget-rs-heading\" data-id=\"6279545\" data-element_type=\"widget\" data-widget_type=\"rs-heading.default\">\n\t\t\t\t<div class=\"elementor-widget-container\">\n\t\t\t\t\t\n        <div class=\"prelements-heading default animate-default center normal_color  subnormal_color dots_ subnormal_color\">\n        \t<div class=\"title-inner\">      \t\t\n\t            <span class=\"sub-text \">Bizi tercih etti\u011finiz i\u00e7in te\u015fekk\u00fcr ederiz.<\/span><h2 class=\"title\"><span class=\"watermark\"><\/span>Faal \u00e7al\u0131\u015ft\u0131\u011f\u0131m\u0131z Referanslar\u0131m\u0131z<\/h2>\t\t\t\t\n\t\t\t\t\t        <\/div>\n\t                <\/div>\n        \t\t\t\t<\/div>\n\t\t\t\t<\/div>\n\t\t\t\t<div class=\"elementor-element elementor-element-d324de9 elementor-widget__width-initial elementor-widget elementor-widget-rs-logo\" data-id=\"d324de9\" data-element_type=\"widget\" data-widget_type=\"rs-logo.default\">\n\t\t\t\t<div class=\"elementor-widget-container\">\n\t\t\t\t\t\n                    <div class=\"rs-logo-grid logo-grid-style1 rsl_style1\">\n                <div class=\"row\">\n                                        <div class=\"col-lg-2 col-md-3 col-sm-4 col-6 logo-grid-item   \">\n                            <div  class=\"rs-grid-figure\">\n                                <div class=\"logo-img\">\n                                                                        <a href=\"#\" ><img decoding=\"async\" class=\"rs-grid-img \"  src=\"https:\/\/www.turkuazhaziryemek.com\/wp-content\/uploads\/2024\/12\/daf.png\" title=\"\" alt=\"\"><\/a>\n\n                                                                        \n                                <\/div>\n                                                                                            <\/div>\n                        <\/div>                   \n                                            <div class=\"col-lg-2 col-md-3 col-sm-4 col-6 logo-grid-item   \">\n                            <div  class=\"rs-grid-figure\">\n                                <div class=\"logo-img\">\n                                                                            <a><img decoding=\"async\" class=\"rs-grid-img \"  src=\"https:\/\/www.turkuazhaziryemek.com\/wp-content\/uploads\/2024\/12\/A5.png\" title=\"\" alt=\"\"><\/a>\n                                                                        \n                                <\/div>\n                                                                                            <\/div>\n                        <\/div>                   \n                                            <div class=\"col-lg-2 col-md-3 col-sm-4 col-6 logo-grid-item  pre-last \">\n                            <div  class=\"rs-grid-figure\">\n                                <div class=\"logo-img\">\n                                                                        <a href=\"#\" ><img decoding=\"async\" class=\"rs-grid-img \"  src=\"https:\/\/www.turkuazhaziryemek.com\/wp-content\/uploads\/2024\/12\/TOYATA.png\" title=\"\" alt=\"\"><\/a>\n\n                                                                        \n                                <\/div>\n                                                                                            <\/div>\n                        <\/div>                   \n                                            <div class=\"col-lg-2 col-md-3 col-sm-4 col-6 logo-grid-item   \">\n                            <div  class=\"rs-grid-figure\">\n                                <div class=\"logo-img\">\n                                                                        <a href=\"#\" ><img decoding=\"async\" class=\"rs-grid-img \"  src=\"https:\/\/www.turkuazhaziryemek.com\/wp-content\/uploads\/2024\/12\/ERSOYPANO.png\" title=\"\" alt=\"\"><\/a>\n\n                                                                        \n                                <\/div>\n                                                                                            <\/div>\n                        <\/div>                   \n                                            <div class=\"col-lg-2 col-md-3 col-sm-4 col-6 logo-grid-item   \">\n                            <div  class=\"rs-grid-figure\">\n                                <div class=\"logo-img\">\n                                                                        <a href=\"#\" ><img decoding=\"async\" class=\"rs-grid-img \"  src=\"https:\/\/www.turkuazhaziryemek.com\/wp-content\/uploads\/2024\/12\/marsloj.png\" title=\"\" alt=\"\"><\/a>\n\n                                                                        \n                                <\/div>\n                                                                                            <\/div>\n                        <\/div>                   \n                                            <div class=\"col-lg-2 col-md-3 col-sm-4 col-6 logo-grid-item  pre-last \">\n                            <div  class=\"rs-grid-figure\">\n                                <div class=\"logo-img\">\n                                                                        <a href=\"#\" ><img decoding=\"async\" class=\"rs-grid-img \"  src=\"https:\/\/www.turkuazhaziryemek.com\/wp-content\/uploads\/2024\/12\/EURO.png\" title=\"\" alt=\"\"><\/a>\n\n                                                                        \n                                <\/div>\n                                                                                            <\/div>\n                        <\/div>                   \n                                            <div class=\"col-lg-2 col-md-3 col-sm-4 col-6 logo-grid-item   \">\n                            <div  class=\"rs-grid-figure\">\n                                <div class=\"logo-img\">\n                                                                        <a href=\"#\" ><img decoding=\"async\" class=\"rs-grid-img \"  src=\"https:\/\/www.turkuazhaziryemek.com\/wp-content\/uploads\/2024\/12\/MAN.png\" title=\"\" alt=\"\"><\/a>\n\n                                                                        \n                                <\/div>\n                                                                                            <\/div>\n                        <\/div>                   \n                                            <div class=\"col-lg-2 col-md-3 col-sm-4 col-6 logo-grid-item   \">\n                            <div  class=\"rs-grid-figure\">\n                                <div class=\"logo-img\">\n                                                                        <a href=\"#\" ><img decoding=\"async\" class=\"rs-grid-img \"  src=\"https:\/\/www.turkuazhaziryemek.com\/wp-content\/uploads\/2024\/12\/HEKI.png\" title=\"\" alt=\"\"><\/a>\n\n                                                                        \n                                <\/div>\n                                                                                            <\/div>\n                        <\/div>                   \n                                            <div class=\"col-lg-2 col-md-3 col-sm-4 col-6 logo-grid-item  pre-last \">\n                            <div  class=\"rs-grid-figure\">\n                                <div class=\"logo-img\">\n                                                                        <a href=\"#\" ><img decoding=\"async\" class=\"rs-grid-img \"  src=\"https:\/\/www.turkuazhaziryemek.com\/wp-content\/uploads\/2024\/12\/MARKA.png\" title=\"\" alt=\"\"><\/a>\n\n                                                                        \n                                <\/div>\n                                                                                            <\/div>\n                        <\/div>                   \n                                            <div class=\"col-lg-2 col-md-3 col-sm-4 col-6 logo-grid-item   pre-last-row\">\n                            <div  class=\"rs-grid-figure\">\n                                <div class=\"logo-img\">\n                                                                        <a href=\"#\" ><img decoding=\"async\" class=\"rs-grid-img \"  src=\"https:\/\/www.turkuazhaziryemek.com\/wp-content\/uploads\/2024\/12\/RMAMADA.png\" title=\"\" alt=\"\"><\/a>\n\n                                                                        \n                                <\/div>\n                                                                                            <\/div>\n                        <\/div>                   \n                                            <div class=\"col-lg-2 col-md-3 col-sm-4 col-6 logo-grid-item   pre-last-row\">\n                            <div  class=\"rs-grid-figure\">\n                                <div class=\"logo-img\">\n                                                                        <a href=\"#\" ><img decoding=\"async\" class=\"rs-grid-img \"  src=\"https:\/\/www.turkuazhaziryemek.com\/wp-content\/uploads\/2024\/12\/CELEBI.png\" title=\"\" alt=\"\"><\/a>\n\n                                                                        \n                                <\/div>\n                                                                                            <\/div>\n                        <\/div>                   \n                                            <div class=\"col-lg-2 col-md-3 col-sm-4 col-6 logo-grid-item  pre-last pre-last-row\">\n                            <div  class=\"rs-grid-figure\">\n                                <div class=\"logo-img\">\n                                                                        <a href=\"#\" ><img decoding=\"async\" class=\"rs-grid-img \"  src=\"https:\/\/www.turkuazhaziryemek.com\/wp-content\/uploads\/2024\/12\/evrakim.png\" title=\"\" alt=\"\"><\/a>\n\n                                                                        \n                                <\/div>\n                                                                                            <\/div>\n                        <\/div>                   \n                                    <\/div>\n            <\/div>\n            \t\t\t\t<\/div>\n\t\t\t\t<\/div>\n\t\t\t\t\t<\/div>\n\t\t<\/div>\n\t\t\t\t\t<\/div>\n\t\t<\/section>\n\t\t\t\t<section class=\"default no-position elementor-section elementor-top-section elementor-element elementor-element-880a26b elementor-section-boxed elementor-section-height-default elementor-section-height-default\" data-id=\"880a26b\" data-element_type=\"section\" data-settings=\"{&quot;background_background&quot;:&quot;classic&quot;}\">\n\t\t\t\t\t\t<div class=\"elementor-container elementor-column-gap-default\">\n\t\t\t\t\t<div class=\"elementor-column elementor-col-100 elementor-top-column elementor-element elementor-element-e871298\" data-id=\"e871298\" data-element_type=\"column\">\n\t\t\t<div class=\"elementor-widget-wrap elementor-element-populated\">\n\t\t\t\t\t\t<section class=\"default no-position elementor-section elementor-inner-section elementor-element elementor-element-0004f33 elementor-section-boxed elementor-section-height-default elementor-section-height-default\" data-id=\"0004f33\" data-element_type=\"section\">\n\t\t\t\t\t\t<div class=\"elementor-container elementor-column-gap-default\">\n\t\t\t\t\t<div class=\"elementor-column elementor-col-100 elementor-inner-column elementor-element elementor-element-7a1c4d2\" data-id=\"7a1c4d2\" data-element_type=\"column\">\n\t\t\t<div class=\"elementor-widget-wrap elementor-element-populated\">\n\t\t\t\t\t\t<div class=\"elementor-element elementor-element-2dfa9de elementor-widget elementor-widget-rs-heading\" data-id=\"2dfa9de\" data-element_type=\"widget\" data-widget_type=\"rs-heading.default\">\n\t\t\t\t<div class=\"elementor-widget-container\">\n\t\t\t\t\t\n        <div class=\"prelements-heading default animate- center normal_color  subnormal_color dots_no subnormal_color\">\n        \t<div class=\"title-inner\">      \t\t\n\t            <h2 class=\"title\"><span class=\"watermark\"><\/span>Bizimle \u00e7al\u0131\u015fmak istermisiniz ?<\/h2>\t\t\t\t\n\t\t\t\t\t        <\/div>\n\t                    \t<div class=\"description\">\n            \t\t            \t\t<p>Kaliteli, lezzetli ve \u00f6zenle haz\u0131rlanan yemeklerimizle personel yeme\u011fi, i\u015f, toplant\u0131 ve \u00f6zel g\u00fcnlerinizi kusursuz k\u0131lmak i\u00e7in buraday\u0131z. \u0130htiya\u00e7lar\u0131n\u0131za \u00f6zel \u00e7\u00f6z\u00fcmler sunarak her an\u0131n\u0131za lezzet katmaya haz\u0131r\u0131z. Gelin, birlikte harika i\u015fler ba\u015faral\u0131m!\"<\/p>  \n            \t<\/div>\n        \t        <\/div>\n        \t\t\t\t<\/div>\n\t\t\t\t<\/div>\n\t\t\t\t<div class=\"elementor-element elementor-element-846b3b0 elementor-widget elementor-widget-rs-button\" data-id=\"846b3b0\" data-element_type=\"widget\" data-widget_type=\"rs-button.default\">\n\t\t\t\t<div class=\"elementor-widget-container\">\n\t\t\t\t\t\r\n\t\t\t\t\t<div class=\"rs-btn style6 normal_color\">\r\n\t\t\t\t\t\t\t\t<a class=\"rs_button popup-none\" href=\"\" >\r\n\r\n\r\n\t\t\t\t\t\r\n\r\n\t\t\t\t\t<span class=\"btn_text \">\r\n\t\t\t\t\t\tTeklif Al\t\t\t\t\t\t\t\t\t\t\t<\/span>\r\n\r\n\t\t\t\t\t\t\t\t\t\t\t\t\t\t\t\t\t\t<svg xmlns=\"http:\/\/www.w3.org\/2000\/svg\" width=\"20\" height=\"20\" viewBox=\"0 0 20 20\" fill=\"none\"><g clip-path=\"url(#clip0_599_345)\"><path d=\"M9.9987 10.8334H3.33203V9.16671H9.9987V3.33337L16.6654 10L9.9987 16.6667V10.8334Z\" fill=\"white\"><\/path><\/g><defs><clipPath id=\"clip0_599_345\"><rect width=\"20\" height=\"20\" fill=\"white\"><\/rect><\/clipPath><\/defs><\/svg>\t\t\t\t\t\t\t\t\t\t\t\r\n\t\t\t\t\t\t\t\t\t<\/a>\r\n\t\t\t<\/div> \r\n\t\t\r\n\t\t   \r\n\t\t\t\t\t<\/div>\n\t\t\t\t<\/div>\n\t\t\t\t\t<\/div>\n\t\t<\/div>\n\t\t\t\t\t<\/div>\n\t\t<\/section>\n\t\t\t\t<div class=\"elementor-element elementor-element-e11e4d5 elementor-widget__width-initial elementor-absolute elementor-hidden-tablet elementor-hidden-mobile elementor-invisible elementor-widget elementor-widget-image\" data-id=\"e11e4d5\" data-element_type=\"widget\" data-settings=\"{&quot;_position&quot;:&quot;absolute&quot;,&quot;_animation&quot;:&quot;fadeInLeft&quot;}\" data-widget_type=\"image.default\">\n\t\t\t\t<div class=\"elementor-widget-container\">\n\t\t\t\t\t\t\t\t\t\t\t\t\t\t\t<img decoding=\"async\" src=\"https:\/\/demo.rstheme.com\/wordpress\/tekone\/wp-content\/uploads\/2023\/04\/call_to_action_man.png\" title=\"\" alt=\"\" loading=\"lazy\" \/>\t\t\t\t\t\t\t\t\t\t\t\t\t\t\t<\/div>\n\t\t\t\t<\/div>\n\t\t\t\t\t<\/div>\n\t\t<\/div>\n\t\t\t\t\t<\/div>\n\t\t<\/section>\n\t\t\t\t<\/div>\n\t\t","protected":false},"excerpt":{"rendered":"<p>Bizi tercih etti\u011finiz i\u00e7in te\u015fekk\u00fcr ederiz. Faal \u00e7al\u0131\u015ft\u0131\u011f\u0131m\u0131z Referanslar\u0131m\u0131z Bizimle \u00e7al\u0131\u015fmak istermisiniz ? Kaliteli, lezzetli ve \u00f6zenle haz\u0131rlanan yemeklerimizle personel yeme\u011fi, i\u015f, toplant\u0131 ve \u00f6zel g\u00fcnlerinizi kusursuz k\u0131lmak i\u00e7in buraday\u0131z. \u0130htiya\u00e7lar\u0131n\u0131za \u00f6zel \u00e7\u00f6z\u00fcmler sunarak her an\u0131n\u0131za lezzet katmaya haz\u0131r\u0131z. Gelin, birlikte harika i\u015fler ba\u015faral\u0131m!&#8221; Teklif Al<\/p>\n","protected":false},"author":1,"featured_media":0,"parent":0,"menu_order":0,"comment_status":"closed","ping_status":"closed","template":"elementor_header_footer","meta":{"_monsterinsights_skip_tracking":false,"_monsterinsights_sitenote_active":false,"_monsterinsights_sitenote_note":"","_monsterinsights_sitenote_category":0,"footnotes":""},"class_list":["post-79479","page","type-page","status-publish","hentry"],"aioseo_notices":[],"_links":{"self":[{"href":"https:\/\/www.turkuazhaziryemek.com\/index.php\/wp-json\/wp\/v2\/pages\/79479","targetHints":{"allow":["GET"]}}],"collection":[{"href":"https:\/\/www.turkuazhaziryemek.com\/index.php\/wp-json\/wp\/v2\/pages"}],"about":[{"href":"https:\/\/www.turkuazhaziryemek.com\/index.php\/wp-json\/wp\/v2\/types\/page"}],"author":[{"embeddable":true,"href":"https:\/\/www.turkuazhaziryemek.com\/index.php\/wp-json\/wp\/v2\/users\/1"}],"replies":[{"embeddable":true,"href":"https:\/\/www.turkuazhaziryemek.com\/index.php\/wp-json\/wp\/v2\/comments?post=79479"}],"version-history":[{"count":13,"href":"https:\/\/www.turkuazhaziryemek.com\/index.php\/wp-json\/wp\/v2\/pages\/79479\/revisions"}],"predecessor-version":[{"id":92409,"href":"https:\/\/www.turkuazhaziryemek.com\/index.php\/wp-json\/wp\/v2\/pages\/79479\/revisions\/92409"}],"wp:attachment":[{"href":"https:\/\/www.turkuazhaziryemek.com\/index.php\/wp-json\/wp\/v2\/media?parent=79479"}],"curies":[{"name":"wp","href":"https:\/\/api.w.org\/{rel}","templated":true}]}}